{"id":34,"date":"2024-02-13T10:47:39","date_gmt":"2024-02-13T09:47:39","guid":{"rendered":"https:\/\/puntoetico.com\/es\/dove-trovarci\/"},"modified":"2024-02-21T15:20:31","modified_gmt":"2024-02-21T14:20:31","slug":"donde-encontrarnos","status":"publish","type":"page","link":"https:\/\/puntoetico.com\/es\/donde-encontrarnos\/","title":{"rendered":"D\u00f3nde encontrarnos"},"content":{"rendered":"\t\t<div data-elementor-type=\"wp-page\" data-elementor-id=\"34\" class=\"elementor elementor-34\" data-elementor-post-type=\"page\">\n\t\t\t\t<div class=\"elementor-element elementor-element-4add311e e-con-full e-flex e-con e-parent\" data-id=\"4add311e\" data-element_type=\"container\" data-e-type=\"container\" data-settings=\"{&quot;background_background&quot;:&quot;gradient&quot;}\">\n\t\t\t\t<div class=\"elementor-element elementor-element-5004adc7 elementor-widget elementor-widget-heading\" data-id=\"5004adc7\" data-element_type=\"widget\" data-e-type=\"widget\" data-widget_type=\"heading.default\">\n\t\t\t\t<div class=\"elementor-widget-container\">\n\t\t\t\t\t<h1 class=\"elementor-heading-title elementor-size-default\">VIS\u00cdTANOS EN TU PUNTO \u00c9TICO M\u00c1S CERCANO<\/h1>\t\t\t\t<\/div>\n\t\t\t\t<\/div>\n\t\t<div class=\"elementor-element elementor-element-5d6d79d6 e-con-full e-flex e-con e-child\" data-id=\"5d6d79d6\" data-element_type=\"container\" data-e-type=\"container\" data-settings=\"{&quot;background_background&quot;:&quot;classic&quot;}\">\n\t\t\t\t<div class=\"elementor-element elementor-element-d60191c elementor-widget elementor-widget-text-editor\" data-id=\"d60191c\" data-element_type=\"widget\" data-e-type=\"widget\" data-widget_type=\"text-editor.default\">\n\t\t\t\t<div class=\"elementor-widget-container\">\n\t\t\t\t\t\t\t\t\t<p>Encuentra tu <strong>Punto \u00c9tico m\u00e1s cercano<\/strong> y comienza tu viaje hacia el bienestar.<\/p><p>Nuestras farmacias y puntos de venta acreditados, est\u00e1n preparadas para recibirte con <strong>consejos personalizados<\/strong> y soluciones naturales.<\/p><p><strong>Tu camino hacia el bienestar empieza aqu\u00ed<\/strong>, con nosotros, en el coraz\u00f3n del Punto \u00c9tico.<\/p>\t\t\t\t\t\t\t\t<\/div>\n\t\t\t\t<\/div>\n\t\t\t\t<\/div>\n\t\t<div class=\"elementor-element elementor-element-20c4bc4 e-con-full e-flex e-con e-child\" data-id=\"20c4bc4\" data-element_type=\"container\" data-e-type=\"container\">\n\t\t<div class=\"elementor-element elementor-element-55ad32d0 e-con-full e-flex e-con e-child\" data-id=\"55ad32d0\" data-element_type=\"container\" data-e-type=\"container\" data-settings=\"{&quot;background_background&quot;:&quot;classic&quot;}\">\n\t\t\t\t<div class=\"elementor-element elementor-element-4fa0c495 elementor-widget elementor-widget-shortcode\" data-id=\"4fa0c495\" data-element_type=\"widget\" data-e-type=\"widget\" data-widget_type=\"shortcode.default\">\n\t\t\t\t<div class=\"elementor-widget-container\">\n\t\t\t\t\t\t\t<div class=\"elementor-shortcode\"><style>\r\n\t#wpsl-stores .wpsl-store-thumb {height:45px !important; width:45px !important;}\r\n\t#wpsl-stores, #wpsl-direction-details, #wpsl-gmap {height:350px !important;}\r\n\t#wpsl-gmap .wpsl-info-window {max-width:225px !important;}\r\n\t.wpsl-input label, #wpsl-radius label, #wpsl-category label {width:95px;}\r\n\t#wpsl-search-input  {width:179px;}\r\n<\/style>\r\n<div id=\"wpsl-wrap\">\r\n\t<div class=\"wpsl-search wpsl-clearfix wpsl-results-only\">\r\n\t\t<div id=\"wpsl-search-wrap\">\r\n\t\t\t<form autocomplete=\"off\">\r\n\t\t\t<div class=\"wpsl-input\">\r\n\t\t\t\t<div><label for=\"wpsl-search-input\">Tu localizaci\u00f3n<\/label><\/div>\r\n\t\t\t\t<input id=\"wpsl-search-input\" type=\"text\" value=\"\" name=\"wpsl-search-input\" placeholder=\"\" aria-required=\"true\" \/>\r\n\t\t\t<\/div>\r\n\t\t\t<div class=\"wpsl-select-wrap\">\r\n\t\t\t\t<div id=\"wpsl-results\">\r\n\t\t\t\t\t<label for=\"wpsl-results-dropdown\">Resultados<\/label>\r\n\t\t\t\t\t<select id=\"wpsl-results-dropdown\" class=\"wpsl-dropdown\" name=\"wpsl-results\">\r\n\t\t\t\t\t\t<option selected=\"selected\" value=\"25\">25<\/option><option value=\"50\">50<\/option><option value=\"75\">75<\/option><option value=\"100\">100<\/option>\r\n\t\t\t\t\t<\/select>\r\n\t\t\t\t<\/div>\r\n\t\t\t<\/div>\r\n\t\t\t\t<div class=\"wpsl-search-btn-wrap\"><input id=\"wpsl-search-btn\" type=\"submit\" value=\"Buscar en\"><\/div>\r\n\t\t<\/form>\r\n\t\t<\/div>\r\n\t<\/div>\r\n\t<div id=\"wpsl-gmap\" class=\"wpsl-gmap-canvas\"><\/div>\r\n\t<div id=\"wpsl-result-list\">\r\n\t\t<div id=\"wpsl-stores\" >\r\n\t\t\t<ul><\/ul>\r\n\t\t<\/div>\r\n\t\t<div id=\"wpsl-direction-details\">\r\n\t\t\t<ul><\/ul>\r\n\t\t<\/div>\r\n\t<\/div>\r\n<\/div>\r\n<\/div>\n\t\t\t\t\t\t<\/div>\n\t\t\t\t<\/div>\n\t\t\t\t<\/div>\n\t\t\t\t<\/div>\n\t\t\t\t<\/div>\n\t\t\t\t<\/div>\n\t\t","protected":false},"excerpt":{"rendered":"<p>VIS\u00cdTANOS EN TU PUNTO \u00c9TICO M\u00c1S CERCANO Encuentra tu Punto \u00c9tico m\u00e1s cercano y comienza tu viaje hacia el bienestar. Nuestras farmacias y puntos de venta acreditados, est\u00e1n preparadas para recibirte con consejos personalizados y soluciones naturales. Tu camino hacia el bienestar empieza aqu\u00ed, con nosotros, en el coraz\u00f3n del Punto \u00c9tico.<\/p>\n","protected":false},"author":1,"featured_media":43,"parent":0,"menu_order":0,"comment_status":"closed","ping_status":"closed","template":"","meta":{"_acf_changed":false,"footnotes":""},"class_list":["post-34","page","type-page","status-publish","has-post-thumbnail","hentry"],"acf":[],"yoast_head":"<!-- This site is optimized with the Yoast SEO plugin v27.5 - https:\/\/yoast.com\/product\/yoast-seo-wordpress\/ -->\n<title>D\u00f3nde encontrarnos - Punto \u00c9tico Espa\u00f1a<\/title>\n<meta name=\"robots\" content=\"index, follow, max-snippet:-1, max-image-preview:large, max-video-preview:-1\" \/>\n<link rel=\"canonical\" href=\"https:\/\/puntoetico.com\/es\/donde-encontrarnos\/\" \/>\n<meta property=\"og:locale\" content=\"es_ES\" \/>\n<meta property=\"og:type\" content=\"article\" \/>\n<meta property=\"og:title\" content=\"D\u00f3nde encontrarnos - Punto \u00c9tico Espa\u00f1a\" \/>\n<meta property=\"og:description\" content=\"VIS\u00cdTANOS EN TU PUNTO \u00c9TICO M\u00c1S CERCANO Encuentra tu Punto \u00c9tico m\u00e1s cercano y comienza tu viaje hacia el bienestar. Nuestras farmacias y puntos de venta acreditados, est\u00e1n preparadas para recibirte con consejos personalizados y soluciones naturales. Tu camino hacia el bienestar empieza aqu\u00ed, con nosotros, en el coraz\u00f3n del Punto \u00c9tico.\" \/>\n<meta property=\"og:url\" content=\"https:\/\/puntoetico.com\/es\/donde-encontrarnos\/\" \/>\n<meta property=\"og:site_name\" content=\"Punto \u00c9tico Espa\u00f1a\" \/>\n<meta property=\"article:modified_time\" content=\"2024-02-21T14:20:31+00:00\" \/>\n<meta property=\"og:image\" content=\"https:\/\/puntoetico.com\/es\/wp-content\/uploads\/sites\/4\/2024\/02\/img-homepage-2.webp\" \/>\n\t<meta property=\"og:image:width\" content=\"960\" \/>\n\t<meta property=\"og:image:height\" content=\"691\" \/>\n\t<meta property=\"og:image:type\" content=\"image\/webp\" \/>\n<meta name=\"twitter:card\" content=\"summary_large_image\" \/>\n<meta name=\"twitter:label1\" content=\"Tiempo de lectura\" \/>\n\t<meta name=\"twitter:data1\" content=\"1 minuto\" \/>\n<script type=\"application\/ld+json\" class=\"yoast-schema-graph\">{\"@context\":\"https:\\\/\\\/schema.org\",\"@graph\":[{\"@type\":\"WebPage\",\"@id\":\"https:\\\/\\\/puntoetico.com\\\/es\\\/donde-encontrarnos\\\/\",\"url\":\"https:\\\/\\\/puntoetico.com\\\/es\\\/donde-encontrarnos\\\/\",\"name\":\"D\u00f3nde encontrarnos - Punto \u00c9tico Espa\u00f1a\",\"isPartOf\":{\"@id\":\"https:\\\/\\\/puntoetico.com\\\/es\\\/#website\"},\"primaryImageOfPage\":{\"@id\":\"https:\\\/\\\/puntoetico.com\\\/es\\\/donde-encontrarnos\\\/#primaryimage\"},\"image\":{\"@id\":\"https:\\\/\\\/puntoetico.com\\\/es\\\/donde-encontrarnos\\\/#primaryimage\"},\"thumbnailUrl\":\"https:\\\/\\\/puntoetico.com\\\/es\\\/wp-content\\\/uploads\\\/sites\\\/4\\\/2024\\\/02\\\/img-homepage-2.webp\",\"datePublished\":\"2024-02-13T09:47:39+00:00\",\"dateModified\":\"2024-02-21T14:20:31+00:00\",\"breadcrumb\":{\"@id\":\"https:\\\/\\\/puntoetico.com\\\/es\\\/donde-encontrarnos\\\/#breadcrumb\"},\"inLanguage\":\"es\",\"potentialAction\":[{\"@type\":\"ReadAction\",\"target\":[\"https:\\\/\\\/puntoetico.com\\\/es\\\/donde-encontrarnos\\\/\"]}]},{\"@type\":\"ImageObject\",\"inLanguage\":\"es\",\"@id\":\"https:\\\/\\\/puntoetico.com\\\/es\\\/donde-encontrarnos\\\/#primaryimage\",\"url\":\"https:\\\/\\\/puntoetico.com\\\/es\\\/wp-content\\\/uploads\\\/sites\\\/4\\\/2024\\\/02\\\/img-homepage-2.webp\",\"contentUrl\":\"https:\\\/\\\/puntoetico.com\\\/es\\\/wp-content\\\/uploads\\\/sites\\\/4\\\/2024\\\/02\\\/img-homepage-2.webp\",\"width\":960,\"height\":691},{\"@type\":\"BreadcrumbList\",\"@id\":\"https:\\\/\\\/puntoetico.com\\\/es\\\/donde-encontrarnos\\\/#breadcrumb\",\"itemListElement\":[{\"@type\":\"ListItem\",\"position\":1,\"name\":\"Home\",\"item\":\"https:\\\/\\\/puntoetico.com\\\/es\\\/\"},{\"@type\":\"ListItem\",\"position\":2,\"name\":\"D\u00f3nde encontrarnos\"}]},{\"@type\":\"WebSite\",\"@id\":\"https:\\\/\\\/puntoetico.com\\\/es\\\/#website\",\"url\":\"https:\\\/\\\/puntoetico.com\\\/es\\\/\",\"name\":\"Punto \u00c9tico Espa\u00f1a\",\"description\":\"\",\"publisher\":{\"@id\":\"https:\\\/\\\/puntoetico.com\\\/es\\\/#organization\"},\"potentialAction\":[{\"@type\":\"SearchAction\",\"target\":{\"@type\":\"EntryPoint\",\"urlTemplate\":\"https:\\\/\\\/puntoetico.com\\\/es\\\/?s={search_term_string}\"},\"query-input\":{\"@type\":\"PropertyValueSpecification\",\"valueRequired\":true,\"valueName\":\"search_term_string\"}}],\"inLanguage\":\"es\"},{\"@type\":\"Organization\",\"@id\":\"https:\\\/\\\/puntoetico.com\\\/es\\\/#organization\",\"name\":\"Punto \u00c9tico Espa\u00f1a\",\"url\":\"https:\\\/\\\/puntoetico.com\\\/es\\\/\",\"logo\":{\"@type\":\"ImageObject\",\"inLanguage\":\"es\",\"@id\":\"https:\\\/\\\/puntoetico.com\\\/es\\\/#\\\/schema\\\/logo\\\/image\\\/\",\"url\":\"https:\\\/\\\/puntoetico.com\\\/es\\\/wp-content\\\/uploads\\\/sites\\\/4\\\/2024\\\/02\\\/logo-1.webp\",\"contentUrl\":\"https:\\\/\\\/puntoetico.com\\\/es\\\/wp-content\\\/uploads\\\/sites\\\/4\\\/2024\\\/02\\\/logo-1.webp\",\"width\":400,\"height\":140,\"caption\":\"Punto \u00c9tico Espa\u00f1a\"},\"image\":{\"@id\":\"https:\\\/\\\/puntoetico.com\\\/es\\\/#\\\/schema\\\/logo\\\/image\\\/\"}}]}<\/script>\n<!-- \/ Yoast SEO plugin. -->","yoast_head_json":{"title":"D\u00f3nde encontrarnos - Punto \u00c9tico Espa\u00f1a","robots":{"index":"index","follow":"follow","max-snippet":"max-snippet:-1","max-image-preview":"max-image-preview:large","max-video-preview":"max-video-preview:-1"},"canonical":"https:\/\/puntoetico.com\/es\/donde-encontrarnos\/","og_locale":"es_ES","og_type":"article","og_title":"D\u00f3nde encontrarnos - Punto \u00c9tico Espa\u00f1a","og_description":"VIS\u00cdTANOS EN TU PUNTO \u00c9TICO M\u00c1S CERCANO Encuentra tu Punto \u00c9tico m\u00e1s cercano y comienza tu viaje hacia el bienestar. Nuestras farmacias y puntos de venta acreditados, est\u00e1n preparadas para recibirte con consejos personalizados y soluciones naturales. Tu camino hacia el bienestar empieza aqu\u00ed, con nosotros, en el coraz\u00f3n del Punto \u00c9tico.","og_url":"https:\/\/puntoetico.com\/es\/donde-encontrarnos\/","og_site_name":"Punto \u00c9tico Espa\u00f1a","article_modified_time":"2024-02-21T14:20:31+00:00","og_image":[{"width":960,"height":691,"url":"https:\/\/puntoetico.com\/es\/wp-content\/uploads\/sites\/4\/2024\/02\/img-homepage-2.webp","type":"image\/webp"}],"twitter_card":"summary_large_image","twitter_misc":{"Tiempo de lectura":"1 minuto"},"schema":{"@context":"https:\/\/schema.org","@graph":[{"@type":"WebPage","@id":"https:\/\/puntoetico.com\/es\/donde-encontrarnos\/","url":"https:\/\/puntoetico.com\/es\/donde-encontrarnos\/","name":"D\u00f3nde encontrarnos - Punto \u00c9tico Espa\u00f1a","isPartOf":{"@id":"https:\/\/puntoetico.com\/es\/#website"},"primaryImageOfPage":{"@id":"https:\/\/puntoetico.com\/es\/donde-encontrarnos\/#primaryimage"},"image":{"@id":"https:\/\/puntoetico.com\/es\/donde-encontrarnos\/#primaryimage"},"thumbnailUrl":"https:\/\/puntoetico.com\/es\/wp-content\/uploads\/sites\/4\/2024\/02\/img-homepage-2.webp","datePublished":"2024-02-13T09:47:39+00:00","dateModified":"2024-02-21T14:20:31+00:00","breadcrumb":{"@id":"https:\/\/puntoetico.com\/es\/donde-encontrarnos\/#breadcrumb"},"inLanguage":"es","potentialAction":[{"@type":"ReadAction","target":["https:\/\/puntoetico.com\/es\/donde-encontrarnos\/"]}]},{"@type":"ImageObject","inLanguage":"es","@id":"https:\/\/puntoetico.com\/es\/donde-encontrarnos\/#primaryimage","url":"https:\/\/puntoetico.com\/es\/wp-content\/uploads\/sites\/4\/2024\/02\/img-homepage-2.webp","contentUrl":"https:\/\/puntoetico.com\/es\/wp-content\/uploads\/sites\/4\/2024\/02\/img-homepage-2.webp","width":960,"height":691},{"@type":"BreadcrumbList","@id":"https:\/\/puntoetico.com\/es\/donde-encontrarnos\/#breadcrumb","itemListElement":[{"@type":"ListItem","position":1,"name":"Home","item":"https:\/\/puntoetico.com\/es\/"},{"@type":"ListItem","position":2,"name":"D\u00f3nde encontrarnos"}]},{"@type":"WebSite","@id":"https:\/\/puntoetico.com\/es\/#website","url":"https:\/\/puntoetico.com\/es\/","name":"Punto \u00c9tico Espa\u00f1a","description":"","publisher":{"@id":"https:\/\/puntoetico.com\/es\/#organization"},"potentialAction":[{"@type":"SearchAction","target":{"@type":"EntryPoint","urlTemplate":"https:\/\/puntoetico.com\/es\/?s={search_term_string}"},"query-input":{"@type":"PropertyValueSpecification","valueRequired":true,"valueName":"search_term_string"}}],"inLanguage":"es"},{"@type":"Organization","@id":"https:\/\/puntoetico.com\/es\/#organization","name":"Punto \u00c9tico Espa\u00f1a","url":"https:\/\/puntoetico.com\/es\/","logo":{"@type":"ImageObject","inLanguage":"es","@id":"https:\/\/puntoetico.com\/es\/#\/schema\/logo\/image\/","url":"https:\/\/puntoetico.com\/es\/wp-content\/uploads\/sites\/4\/2024\/02\/logo-1.webp","contentUrl":"https:\/\/puntoetico.com\/es\/wp-content\/uploads\/sites\/4\/2024\/02\/logo-1.webp","width":400,"height":140,"caption":"Punto \u00c9tico Espa\u00f1a"},"image":{"@id":"https:\/\/puntoetico.com\/es\/#\/schema\/logo\/image\/"}}]}},"_links":{"self":[{"href":"https:\/\/puntoetico.com\/es\/wp-json\/wp\/v2\/pages\/34","targetHints":{"allow":["GET"]}}],"collection":[{"href":"https:\/\/puntoetico.com\/es\/wp-json\/wp\/v2\/pages"}],"about":[{"href":"https:\/\/puntoetico.com\/es\/wp-json\/wp\/v2\/types\/page"}],"author":[{"embeddable":true,"href":"https:\/\/puntoetico.com\/es\/wp-json\/wp\/v2\/users\/1"}],"replies":[{"embeddable":true,"href":"https:\/\/puntoetico.com\/es\/wp-json\/wp\/v2\/comments?post=34"}],"version-history":[{"count":0,"href":"https:\/\/puntoetico.com\/es\/wp-json\/wp\/v2\/pages\/34\/revisions"}],"wp:featuredmedia":[{"embeddable":true,"href":"https:\/\/puntoetico.com\/es\/wp-json\/wp\/v2\/media\/43"}],"wp:attachment":[{"href":"https:\/\/puntoetico.com\/es\/wp-json\/wp\/v2\/media?parent=34"}],"curies":[{"name":"wp","href":"https:\/\/api.w.org\/{rel}","templated":true}]}}