{"id":29,"date":"2024-02-13T10:47:38","date_gmt":"2024-02-13T09:47:38","guid":{"rendered":"https:\/\/puntoetico.com\/es\/formazione-punto-etico\/"},"modified":"2024-02-22T14:20:31","modified_gmt":"2024-02-22T13:20:31","slug":"formacion-del-punto-etico","status":"publish","type":"page","link":"https:\/\/puntoetico.com\/es\/formacion-del-punto-etico\/","title":{"rendered":"Formaci\u00f3n del Punto \u00c9tico"},"content":{"rendered":"\t\t<div data-elementor-type=\"wp-page\" data-elementor-id=\"29\" class=\"elementor elementor-29\" data-elementor-post-type=\"page\">\n\t\t\t\t<div class=\"elementor-element elementor-element-85aece4 e-con-full e-flex e-con e-parent\" data-id=\"85aece4\" data-element_type=\"container\" data-e-type=\"container\" data-settings=\"{&quot;background_background&quot;:&quot;gradient&quot;}\">\n\t\t\t\t<div class=\"elementor-element elementor-element-1492d653 elementor-widget elementor-widget-heading\" data-id=\"1492d653\" data-element_type=\"widget\" data-e-type=\"widget\" data-widget_type=\"heading.default\">\n\t\t\t\t<div class=\"elementor-widget-container\">\n\t\t\t\t\t<h1 class=\"elementor-heading-title elementor-size-default\">FORMACI\u00d3N DE PUNTO \u00c9TICO <\/h1>\t\t\t\t<\/div>\n\t\t\t\t<\/div>\n\t\t<div class=\"elementor-element elementor-element-43f3a752 e-con-full e-flex e-con e-child\" data-id=\"43f3a752\" data-element_type=\"container\" data-e-type=\"container\" data-settings=\"{&quot;background_background&quot;:&quot;classic&quot;}\">\n\t\t\t\t<div class=\"elementor-element elementor-element-c6088af elementor-widget elementor-widget-text-editor\" data-id=\"c6088af\" data-element_type=\"widget\" data-e-type=\"widget\" data-widget_type=\"text-editor.default\">\n\t\t\t\t<div class=\"elementor-widget-container\">\n\t\t\t\t\t\t\t\t\t<p>La <strong>Formaci\u00f3n Continua<\/strong> es un pilar fundamental de nuestro compromiso hacia la excelencia y el bienestar duradero. <br \/><br \/>Reconocemos que el aprendizaje constante es <strong>esencial para mantenerse a la vanguardia<\/strong>, especialmente en un sector din\u00e1mico como el de la salud.<\/p><p>Por eso, invertimos de manera significativa en la creaci\u00f3n de <strong>oportunidades formativas<\/strong> que van m\u00e1s all\u00e1 del tradicional concepto de actualizaci\u00f3n profesional.<\/p>\t\t\t\t\t\t\t\t<\/div>\n\t\t\t\t<\/div>\n\t\t\t\t<\/div>\n\t\t\t\t<\/div>\n\t\t<div class=\"elementor-element elementor-element-4b3cfd8c e-con-full e-flex e-con e-parent\" data-id=\"4b3cfd8c\" data-element_type=\"container\" data-e-type=\"container\" data-settings=\"{&quot;background_background&quot;:&quot;classic&quot;}\">\n\t\t<div class=\"elementor-element elementor-element-6c2b111c e-con-full e-flex e-con e-child\" data-id=\"6c2b111c\" data-element_type=\"container\" data-e-type=\"container\" data-settings=\"{&quot;background_background&quot;:&quot;classic&quot;}\">\n\t\t\t\t<div class=\"elementor-element elementor-element-29b5e9fa elementor-align-center elementor-widget elementor-widget-button\" data-id=\"29b5e9fa\" data-element_type=\"widget\" data-e-type=\"widget\" data-widget_type=\"button.default\">\n\t\t\t\t<div class=\"elementor-widget-container\">\n\t\t\t\t\t\t\t\t\t<div class=\"elementor-button-wrapper\">\n\t\t\t\t\t<a class=\"elementor-button elementor-button-link elementor-size-sm\" href=\"\/es\/hazte-punto-etico\/\">\n\t\t\t\t\t\t<span class=\"elementor-button-content-wrapper\">\n\t\t\t\t\t\t\t\t\t<span class=\"elementor-button-text\">F\u00f3rmate con Punto \u00c9tico<\/span>\n\t\t\t\t\t<\/span>\n\t\t\t\t\t<\/a>\n\t\t\t\t<\/div>\n\t\t\t\t\t\t\t\t<\/div>\n\t\t\t\t<\/div>\n\t\t\t\t<\/div>\n\t\t\t\t<\/div>\n\t\t<div class=\"elementor-element elementor-element-5f13897d e-con-full e-flex e-con e-parent\" data-id=\"5f13897d\" data-element_type=\"container\" data-e-type=\"container\" data-settings=\"{&quot;background_background&quot;:&quot;classic&quot;}\">\n\t\t<div class=\"elementor-element elementor-element-55ad0ce6 e-con-full e-flex e-con e-child\" data-id=\"55ad0ce6\" data-element_type=\"container\" data-e-type=\"container\">\n\t\t\t\t<div class=\"elementor-element elementor-element-7abc97ab elementor-widget elementor-widget-heading\" data-id=\"7abc97ab\" data-element_type=\"widget\" data-e-type=\"widget\" data-widget_type=\"heading.default\">\n\t\t\t\t<div class=\"elementor-widget-container\">\n\t\t\t\t\t<h2 class=\"elementor-heading-title elementor-size-default\">CURSOS DE FORMACI\u00d3N DE PUNTO \u00c9TICO<\/h2>\t\t\t\t<\/div>\n\t\t\t\t<\/div>\n\t\t\t\t<div class=\"elementor-element elementor-element-ec4b6e7 no-mb elementor-widget elementor-widget-text-editor\" data-id=\"ec4b6e7\" data-element_type=\"widget\" data-e-type=\"widget\" data-widget_type=\"text-editor.default\">\n\t\t\t\t<div class=\"elementor-widget-container\">\n\t\t\t\t\t\t\t\t\t<p>Nuestros cursos reflejan la importancia de <strong>comprender la salud de manera integral<\/strong>, considerando no solo los s\u00edntomas evidentes, sino tambi\u00e9n las causas subyacentes.<\/p>\t\t\t\t\t\t\t\t<\/div>\n\t\t\t\t<\/div>\n\t\t\t\t<div class=\"elementor-element elementor-element-c717a19 elementor-widget elementor-widget-text-editor\" data-id=\"c717a19\" data-element_type=\"widget\" data-e-type=\"widget\" data-widget_type=\"text-editor.default\">\n\t\t\t\t<div class=\"elementor-widget-container\">\n\t\t\t\t\t\t\t\t\t<ul><li><p><strong>Cursos en el aula <br \/><\/strong>Representan una oportunidad para aprender en un entorno interactivo y compartir conocimientos con otros profesionales del sector.<\/p><\/li><li><p><strong>Formaci\u00f3n en el punto de venta <br \/><\/strong>Ofrece una aplicaci\u00f3n pr\u00e1ctica de las habilidades adquiridas, permitiendo una comprensi\u00f3n m\u00e1s profunda de las din\u00e1micas en el campo.<\/p><\/li><li><p><strong>Webinars online<br \/><\/strong>Permiten a los profesionales acceder a la formaci\u00f3n de manera c\u00f3moda y flexible, sin comprometer la calidad del aprendizaje. Sirven como plataforma para compartir las mejores pr\u00e1cticas y construir una red de profesionales del sector.<\/p><\/li><\/ul>\t\t\t\t\t\t\t\t<\/div>\n\t\t\t\t<\/div>\n\t\t\t\t<div class=\"elementor-element elementor-element-8799c56 elementor-widget elementor-widget-text-editor\" data-id=\"8799c56\" data-element_type=\"widget\" data-e-type=\"widget\" data-widget_type=\"text-editor.default\">\n\t\t\t\t<div class=\"elementor-widget-container\">\n\t\t\t\t\t\t\t\t\t<p>Nuestra formaci\u00f3n tambi\u00e9n incluye <strong>casos pr\u00e1cticos y estudios<\/strong>, garantizando una aplicaci\u00f3n concreta de las habilidades adquiridas en el \u00e1mbito profesional diario para ofrecer soluciones cada vez m\u00e1s efectivas y personalizadas.<\/p>\t\t\t\t\t\t\t\t<\/div>\n\t\t\t\t<\/div>\n\t\t\t\t<div class=\"elementor-element elementor-element-64c0ab4f elementor-widget elementor-widget-button\" data-id=\"64c0ab4f\" data-element_type=\"widget\" data-e-type=\"widget\" data-widget_type=\"button.default\">\n\t\t\t\t<div class=\"elementor-widget-container\">\n\t\t\t\t\t\t\t\t\t<div class=\"elementor-button-wrapper\">\n\t\t\t\t\t<a class=\"elementor-button elementor-button-link elementor-size-sm\" href=\"\/es\/hazte-punto-etico\/\">\n\t\t\t\t\t\t<span class=\"elementor-button-content-wrapper\">\n\t\t\t\t\t\t\t\t\t<span class=\"elementor-button-text\">\u00danase a la Red PUNTO \u00c9TICO <\/span>\n\t\t\t\t\t<\/span>\n\t\t\t\t\t<\/a>\n\t\t\t\t<\/div>\n\t\t\t\t\t\t\t\t<\/div>\n\t\t\t\t<\/div>\n\t\t\t\t<\/div>\n\t\t<div class=\"elementor-element elementor-element-521bdd38 e-con-full e-flex e-con e-child\" data-id=\"521bdd38\" data-element_type=\"container\" data-e-type=\"container\">\n\t\t\t\t<div class=\"elementor-element elementor-element-6de6d081 elementor-widget elementor-widget-image\" data-id=\"6de6d081\" data-element_type=\"widget\" data-e-type=\"widget\" data-widget_type=\"image.default\">\n\t\t\t\t<div class=\"elementor-widget-container\">\n\t\t\t\t\t\t\t\t\t\t\t\t\t\t\t<img fetchpriority=\"high\" decoding=\"async\" width=\"800\" height=\"830\" src=\"https:\/\/puntoetico.com\/es\/wp-content\/uploads\/sites\/4\/2024\/02\/tablet.webp\" class=\"attachment-large size-large wp-image-30\" alt=\"\" srcset=\"https:\/\/puntoetico.com\/es\/wp-content\/uploads\/sites\/4\/2024\/02\/tablet.webp 800w, https:\/\/puntoetico.com\/es\/wp-content\/uploads\/sites\/4\/2024\/02\/tablet-289x300.webp 289w, https:\/\/puntoetico.com\/es\/wp-content\/uploads\/sites\/4\/2024\/02\/tablet-768x797.webp 768w\" sizes=\"(max-width: 800px) 100vw, 800px\" \/>\t\t\t\t\t\t\t\t\t\t\t\t\t\t\t<\/div>\n\t\t\t\t<\/div>\n\t\t\t\t<\/div>\n\t\t\t\t<\/div>\n\t\t\t\t<\/div>\n\t\t","protected":false},"excerpt":{"rendered":"<p>FORMACI\u00d3N DE PUNTO \u00c9TICO La Formaci\u00f3n Continua es un pilar fundamental de nuestro compromiso hacia la excelencia y el bienestar duradero. Reconocemos que el aprendizaje constante es esencial para mantenerse a la vanguardia, especialmente en un sector din\u00e1mico como el de la salud. Por eso, invertimos de manera significativa en la creaci\u00f3n de oportunidades formativas [&hellip;]<\/p>\n","protected":false},"author":1,"featured_media":26,"parent":0,"menu_order":0,"comment_status":"closed","ping_status":"closed","template":"","meta":{"_acf_changed":false,"footnotes":""},"class_list":["post-29","page","type-page","status-publish","has-post-thumbnail","hentry"],"acf":[],"yoast_head":"<!-- This site is optimized with the Yoast SEO plugin v27.5 - https:\/\/yoast.com\/product\/yoast-seo-wordpress\/ -->\n<title>Formaci\u00f3n del Punto \u00c9tico - Punto \u00c9tico Espa\u00f1a<\/title>\n<meta name=\"robots\" content=\"index, follow, max-snippet:-1, max-image-preview:large, max-video-preview:-1\" \/>\n<link rel=\"canonical\" href=\"https:\/\/puntoetico.com\/es\/formacion-del-punto-etico\/\" \/>\n<meta property=\"og:locale\" content=\"es_ES\" \/>\n<meta property=\"og:type\" content=\"article\" \/>\n<meta property=\"og:title\" content=\"Formaci\u00f3n del Punto \u00c9tico - Punto \u00c9tico Espa\u00f1a\" \/>\n<meta property=\"og:description\" content=\"FORMACI\u00d3N DE PUNTO \u00c9TICO La Formaci\u00f3n Continua es un pilar fundamental de nuestro compromiso hacia la excelencia y el bienestar duradero. Reconocemos que el aprendizaje constante es esencial para mantenerse a la vanguardia, especialmente en un sector din\u00e1mico como el de la salud. Por eso, invertimos de manera significativa en la creaci\u00f3n de oportunidades formativas [&hellip;]\" \/>\n<meta property=\"og:url\" content=\"https:\/\/puntoetico.com\/es\/formacion-del-punto-etico\/\" \/>\n<meta property=\"og:site_name\" content=\"Punto \u00c9tico Espa\u00f1a\" \/>\n<meta property=\"article:modified_time\" content=\"2024-02-22T13:20:31+00:00\" \/>\n<meta property=\"og:image\" content=\"https:\/\/puntoetico.com\/es\/wp-content\/uploads\/sites\/4\/2024\/02\/img-servizi-1.webp\" \/>\n\t<meta property=\"og:image:width\" content=\"960\" \/>\n\t<meta property=\"og:image:height\" content=\"974\" \/>\n\t<meta property=\"og:image:type\" content=\"image\/webp\" \/>\n<meta name=\"twitter:card\" content=\"summary_large_image\" \/>\n<meta name=\"twitter:label1\" content=\"Tiempo de lectura\" \/>\n\t<meta name=\"twitter:data1\" content=\"2 minutos\" \/>\n<script type=\"application\/ld+json\" class=\"yoast-schema-graph\">{\"@context\":\"https:\\\/\\\/schema.org\",\"@graph\":[{\"@type\":\"WebPage\",\"@id\":\"https:\\\/\\\/puntoetico.com\\\/es\\\/formacion-del-punto-etico\\\/\",\"url\":\"https:\\\/\\\/puntoetico.com\\\/es\\\/formacion-del-punto-etico\\\/\",\"name\":\"Formaci\u00f3n del Punto \u00c9tico - Punto \u00c9tico Espa\u00f1a\",\"isPartOf\":{\"@id\":\"https:\\\/\\\/puntoetico.com\\\/es\\\/#website\"},\"primaryImageOfPage\":{\"@id\":\"https:\\\/\\\/puntoetico.com\\\/es\\\/formacion-del-punto-etico\\\/#primaryimage\"},\"image\":{\"@id\":\"https:\\\/\\\/puntoetico.com\\\/es\\\/formacion-del-punto-etico\\\/#primaryimage\"},\"thumbnailUrl\":\"https:\\\/\\\/puntoetico.com\\\/es\\\/wp-content\\\/uploads\\\/sites\\\/4\\\/2024\\\/02\\\/img-servizi-1.webp\",\"datePublished\":\"2024-02-13T09:47:38+00:00\",\"dateModified\":\"2024-02-22T13:20:31+00:00\",\"breadcrumb\":{\"@id\":\"https:\\\/\\\/puntoetico.com\\\/es\\\/formacion-del-punto-etico\\\/#breadcrumb\"},\"inLanguage\":\"es\",\"potentialAction\":[{\"@type\":\"ReadAction\",\"target\":[\"https:\\\/\\\/puntoetico.com\\\/es\\\/formacion-del-punto-etico\\\/\"]}]},{\"@type\":\"ImageObject\",\"inLanguage\":\"es\",\"@id\":\"https:\\\/\\\/puntoetico.com\\\/es\\\/formacion-del-punto-etico\\\/#primaryimage\",\"url\":\"https:\\\/\\\/puntoetico.com\\\/es\\\/wp-content\\\/uploads\\\/sites\\\/4\\\/2024\\\/02\\\/img-servizi-1.webp\",\"contentUrl\":\"https:\\\/\\\/puntoetico.com\\\/es\\\/wp-content\\\/uploads\\\/sites\\\/4\\\/2024\\\/02\\\/img-servizi-1.webp\",\"width\":960,\"height\":974},{\"@type\":\"BreadcrumbList\",\"@id\":\"https:\\\/\\\/puntoetico.com\\\/es\\\/formacion-del-punto-etico\\\/#breadcrumb\",\"itemListElement\":[{\"@type\":\"ListItem\",\"position\":1,\"name\":\"Home\",\"item\":\"https:\\\/\\\/puntoetico.com\\\/es\\\/\"},{\"@type\":\"ListItem\",\"position\":2,\"name\":\"Formaci\u00f3n del Punto \u00c9tico\"}]},{\"@type\":\"WebSite\",\"@id\":\"https:\\\/\\\/puntoetico.com\\\/es\\\/#website\",\"url\":\"https:\\\/\\\/puntoetico.com\\\/es\\\/\",\"name\":\"Punto \u00c9tico Espa\u00f1a\",\"description\":\"\",\"publisher\":{\"@id\":\"https:\\\/\\\/puntoetico.com\\\/es\\\/#organization\"},\"potentialAction\":[{\"@type\":\"SearchAction\",\"target\":{\"@type\":\"EntryPoint\",\"urlTemplate\":\"https:\\\/\\\/puntoetico.com\\\/es\\\/?s={search_term_string}\"},\"query-input\":{\"@type\":\"PropertyValueSpecification\",\"valueRequired\":true,\"valueName\":\"search_term_string\"}}],\"inLanguage\":\"es\"},{\"@type\":\"Organization\",\"@id\":\"https:\\\/\\\/puntoetico.com\\\/es\\\/#organization\",\"name\":\"Punto \u00c9tico Espa\u00f1a\",\"url\":\"https:\\\/\\\/puntoetico.com\\\/es\\\/\",\"logo\":{\"@type\":\"ImageObject\",\"inLanguage\":\"es\",\"@id\":\"https:\\\/\\\/puntoetico.com\\\/es\\\/#\\\/schema\\\/logo\\\/image\\\/\",\"url\":\"https:\\\/\\\/puntoetico.com\\\/es\\\/wp-content\\\/uploads\\\/sites\\\/4\\\/2024\\\/02\\\/logo-1.webp\",\"contentUrl\":\"https:\\\/\\\/puntoetico.com\\\/es\\\/wp-content\\\/uploads\\\/sites\\\/4\\\/2024\\\/02\\\/logo-1.webp\",\"width\":400,\"height\":140,\"caption\":\"Punto \u00c9tico Espa\u00f1a\"},\"image\":{\"@id\":\"https:\\\/\\\/puntoetico.com\\\/es\\\/#\\\/schema\\\/logo\\\/image\\\/\"}}]}<\/script>\n<!-- \/ Yoast SEO plugin. -->","yoast_head_json":{"title":"Formaci\u00f3n del Punto \u00c9tico - Punto \u00c9tico Espa\u00f1a","robots":{"index":"index","follow":"follow","max-snippet":"max-snippet:-1","max-image-preview":"max-image-preview:large","max-video-preview":"max-video-preview:-1"},"canonical":"https:\/\/puntoetico.com\/es\/formacion-del-punto-etico\/","og_locale":"es_ES","og_type":"article","og_title":"Formaci\u00f3n del Punto \u00c9tico - Punto \u00c9tico Espa\u00f1a","og_description":"FORMACI\u00d3N DE PUNTO \u00c9TICO La Formaci\u00f3n Continua es un pilar fundamental de nuestro compromiso hacia la excelencia y el bienestar duradero. Reconocemos que el aprendizaje constante es esencial para mantenerse a la vanguardia, especialmente en un sector din\u00e1mico como el de la salud. Por eso, invertimos de manera significativa en la creaci\u00f3n de oportunidades formativas [&hellip;]","og_url":"https:\/\/puntoetico.com\/es\/formacion-del-punto-etico\/","og_site_name":"Punto \u00c9tico Espa\u00f1a","article_modified_time":"2024-02-22T13:20:31+00:00","og_image":[{"width":960,"height":974,"url":"https:\/\/puntoetico.com\/es\/wp-content\/uploads\/sites\/4\/2024\/02\/img-servizi-1.webp","type":"image\/webp"}],"twitter_card":"summary_large_image","twitter_misc":{"Tiempo de lectura":"2 minutos"},"schema":{"@context":"https:\/\/schema.org","@graph":[{"@type":"WebPage","@id":"https:\/\/puntoetico.com\/es\/formacion-del-punto-etico\/","url":"https:\/\/puntoetico.com\/es\/formacion-del-punto-etico\/","name":"Formaci\u00f3n del Punto \u00c9tico - Punto \u00c9tico Espa\u00f1a","isPartOf":{"@id":"https:\/\/puntoetico.com\/es\/#website"},"primaryImageOfPage":{"@id":"https:\/\/puntoetico.com\/es\/formacion-del-punto-etico\/#primaryimage"},"image":{"@id":"https:\/\/puntoetico.com\/es\/formacion-del-punto-etico\/#primaryimage"},"thumbnailUrl":"https:\/\/puntoetico.com\/es\/wp-content\/uploads\/sites\/4\/2024\/02\/img-servizi-1.webp","datePublished":"2024-02-13T09:47:38+00:00","dateModified":"2024-02-22T13:20:31+00:00","breadcrumb":{"@id":"https:\/\/puntoetico.com\/es\/formacion-del-punto-etico\/#breadcrumb"},"inLanguage":"es","potentialAction":[{"@type":"ReadAction","target":["https:\/\/puntoetico.com\/es\/formacion-del-punto-etico\/"]}]},{"@type":"ImageObject","inLanguage":"es","@id":"https:\/\/puntoetico.com\/es\/formacion-del-punto-etico\/#primaryimage","url":"https:\/\/puntoetico.com\/es\/wp-content\/uploads\/sites\/4\/2024\/02\/img-servizi-1.webp","contentUrl":"https:\/\/puntoetico.com\/es\/wp-content\/uploads\/sites\/4\/2024\/02\/img-servizi-1.webp","width":960,"height":974},{"@type":"BreadcrumbList","@id":"https:\/\/puntoetico.com\/es\/formacion-del-punto-etico\/#breadcrumb","itemListElement":[{"@type":"ListItem","position":1,"name":"Home","item":"https:\/\/puntoetico.com\/es\/"},{"@type":"ListItem","position":2,"name":"Formaci\u00f3n del Punto \u00c9tico"}]},{"@type":"WebSite","@id":"https:\/\/puntoetico.com\/es\/#website","url":"https:\/\/puntoetico.com\/es\/","name":"Punto \u00c9tico Espa\u00f1a","description":"","publisher":{"@id":"https:\/\/puntoetico.com\/es\/#organization"},"potentialAction":[{"@type":"SearchAction","target":{"@type":"EntryPoint","urlTemplate":"https:\/\/puntoetico.com\/es\/?s={search_term_string}"},"query-input":{"@type":"PropertyValueSpecification","valueRequired":true,"valueName":"search_term_string"}}],"inLanguage":"es"},{"@type":"Organization","@id":"https:\/\/puntoetico.com\/es\/#organization","name":"Punto \u00c9tico Espa\u00f1a","url":"https:\/\/puntoetico.com\/es\/","logo":{"@type":"ImageObject","inLanguage":"es","@id":"https:\/\/puntoetico.com\/es\/#\/schema\/logo\/image\/","url":"https:\/\/puntoetico.com\/es\/wp-content\/uploads\/sites\/4\/2024\/02\/logo-1.webp","contentUrl":"https:\/\/puntoetico.com\/es\/wp-content\/uploads\/sites\/4\/2024\/02\/logo-1.webp","width":400,"height":140,"caption":"Punto \u00c9tico Espa\u00f1a"},"image":{"@id":"https:\/\/puntoetico.com\/es\/#\/schema\/logo\/image\/"}}]}},"_links":{"self":[{"href":"https:\/\/puntoetico.com\/es\/wp-json\/wp\/v2\/pages\/29","targetHints":{"allow":["GET"]}}],"collection":[{"href":"https:\/\/puntoetico.com\/es\/wp-json\/wp\/v2\/pages"}],"about":[{"href":"https:\/\/puntoetico.com\/es\/wp-json\/wp\/v2\/types\/page"}],"author":[{"embeddable":true,"href":"https:\/\/puntoetico.com\/es\/wp-json\/wp\/v2\/users\/1"}],"replies":[{"embeddable":true,"href":"https:\/\/puntoetico.com\/es\/wp-json\/wp\/v2\/comments?post=29"}],"version-history":[{"count":0,"href":"https:\/\/puntoetico.com\/es\/wp-json\/wp\/v2\/pages\/29\/revisions"}],"wp:featuredmedia":[{"embeddable":true,"href":"https:\/\/puntoetico.com\/es\/wp-json\/wp\/v2\/media\/26"}],"wp:attachment":[{"href":"https:\/\/puntoetico.com\/es\/wp-json\/wp\/v2\/media?parent=29"}],"curies":[{"name":"wp","href":"https:\/\/api.w.org\/{rel}","templated":true}]}}