{"id":27,"date":"2024-02-13T10:47:37","date_gmt":"2024-02-13T09:47:37","guid":{"rendered":"https:\/\/puntoetico.com\/es\/diventare-punto-etico\/"},"modified":"2024-02-22T14:15:03","modified_gmt":"2024-02-22T13:15:03","slug":"hazte-punto-etico","status":"publish","type":"page","link":"https:\/\/puntoetico.com\/es\/hazte-punto-etico\/","title":{"rendered":"Hazte Punto \u00c9tico"},"content":{"rendered":"\t\t<div data-elementor-type=\"wp-page\" data-elementor-id=\"27\" class=\"elementor elementor-27\" data-elementor-post-type=\"page\">\n\t\t\t\t<div class=\"elementor-element elementor-element-98eab2e e-con-full e-flex e-con e-parent\" data-id=\"98eab2e\" data-element_type=\"container\" data-e-type=\"container\" data-settings=\"{&quot;background_background&quot;:&quot;gradient&quot;}\">\n\t\t\t\t<div class=\"elementor-element elementor-element-60f150f elementor-widget elementor-widget-heading\" data-id=\"60f150f\" data-element_type=\"widget\" data-e-type=\"widget\" data-widget_type=\"heading.default\">\n\t\t\t\t<div class=\"elementor-widget-container\">\n\t\t\t\t\t<h1 class=\"elementor-heading-title elementor-size-default\">Convertirse en un punto \u00e9tico <\/h1>\t\t\t\t<\/div>\n\t\t\t\t<\/div>\n\t\t<div class=\"elementor-element elementor-element-4001577 e-con-full e-flex e-con e-child\" data-id=\"4001577\" data-element_type=\"container\" data-e-type=\"container\" data-settings=\"{&quot;background_background&quot;:&quot;classic&quot;}\">\n\t\t\t\t<div class=\"elementor-element elementor-element-909aa56 elementor-widget elementor-widget-text-editor\" data-id=\"909aa56\" data-element_type=\"widget\" data-e-type=\"widget\" data-widget_type=\"text-editor.default\">\n\t\t\t\t<div class=\"elementor-widget-container\">\n\t\t\t\t\t\t\t\t\t<p>Unirse a nosotros en este <strong>estimulante camino<\/strong>, significa un compromiso mutuo hac\u00eda la creaci\u00f3n de un proyecto de alto valor social y el bienestar duradero. Formar parte va m\u00e1s all\u00e1 de la simple afiliaci\u00f3n; significa entrar en una comunidad dedicada a la promoci\u00f3n de la salud, la innovaci\u00f3n y la excelencia profesional. En esta sinergia, le ofrecemos una amplia gama de beneficios dise\u00f1ados para respaldar su crecimiento y <strong>el \u00e9xito de su punto de venta<\/strong>.<\/p>\t\t\t\t\t\t\t\t<\/div>\n\t\t\t\t<\/div>\n\t\t\t\t<\/div>\n\t\t\t\t<\/div>\n\t\t<div class=\"elementor-element elementor-element-bf49e48 e-con-full e-flex e-con e-parent\" data-id=\"bf49e48\" data-element_type=\"container\" data-e-type=\"container\" data-settings=\"{&quot;background_background&quot;:&quot;classic&quot;}\">\n\t\t\t\t<div class=\"elementor-element elementor-element-d269a27 elementor-widget elementor-widget-spacer\" data-id=\"d269a27\" data-element_type=\"widget\" data-e-type=\"widget\" data-widget_type=\"spacer.default\">\n\t\t\t\t<div class=\"elementor-widget-container\">\n\t\t\t\t\t\t\t<div class=\"elementor-spacer\">\n\t\t\t<div class=\"elementor-spacer-inner\"><\/div>\n\t\t<\/div>\n\t\t\t\t\t\t<\/div>\n\t\t\t\t<\/div>\n\t\t\t\t<\/div>\n\t\t<div class=\"elementor-element elementor-element-c606f11 e-con-full e-flex e-con e-parent\" data-id=\"c606f11\" data-element_type=\"container\" data-e-type=\"container\" data-settings=\"{&quot;background_background&quot;:&quot;classic&quot;}\">\n\t\t<div class=\"elementor-element elementor-element-fd4383d e-con-full e-flex e-con e-child\" data-id=\"fd4383d\" data-element_type=\"container\" data-e-type=\"container\">\n\t\t\t\t<div class=\"elementor-element elementor-element-ec0e8da elementor-widget elementor-widget-text-editor\" data-id=\"ec0e8da\" data-element_type=\"widget\" data-e-type=\"widget\" data-widget_type=\"text-editor.default\">\n\t\t\t\t<div class=\"elementor-widget-container\">\n\t\t\t\t\t\t\t\t\t<p>Obt\u00e9n m\u00e1s informaci\u00f3n sobre Prodeco Pharma y<strong> solicita nuestro contacto si consideras si se siente identificado<\/strong> con nuestro proyecto \u201cPUNTO \u00c9TICO\u00bb.<\/p>\t\t\t\t\t\t\t\t<\/div>\n\t\t\t\t<\/div>\n\t\t\t\t<\/div>\n\t\t<div class=\"elementor-element elementor-element-0957383 e-con-full e-flex e-con e-child\" data-id=\"0957383\" data-element_type=\"container\" data-e-type=\"container\">\n\t\t\t\t<div class=\"elementor-element elementor-element-e8e2b01 elementor-widget elementor-widget-shortcode\" data-id=\"e8e2b01\" data-element_type=\"widget\" data-e-type=\"widget\" data-widget_type=\"shortcode.default\">\n\t\t\t\t<div class=\"elementor-widget-container\">\n\t\t\t\t\t\t\t<div class=\"elementor-shortcode\"><div class=\"wpforms-container wpforms-container-full wpforms-render-modern\" id=\"wpforms-897\"><form id=\"wpforms-form-897\" class=\"wpforms-validate wpforms-form wpforms-ajax-form\" data-formid=\"897\" method=\"post\" enctype=\"multipart\/form-data\" action=\"\/es\/wp-json\/wp\/v2\/pages\/27\"><noscript class=\"wpforms-error-noscript\">Por favor, activa JavaScript en tu navegador para completar este formulario.<\/noscript><div class=\"wpforms-hidden\" id=\"wpforms-error-noscript\">Por favor, activa JavaScript en tu navegador para completar este formulario.<\/div><div class=\"wpforms-field-container\"><div id=\"wpforms-897-field_1-container\" class=\"wpforms-field wpforms-field-text input-text-custom\" data-field-id=\"1\"><label class=\"wpforms-field-label\" for=\"wpforms-897-field_1\">Agencia <span class=\"wpforms-required-label\" aria-hidden=\"true\">*<\/span><\/label><input type=\"text\" id=\"wpforms-897-field_1\" class=\"wpforms-field-large wpforms-field-required\" name=\"wpforms[fields][1]\" aria-errormessage=\"wpforms-897-field_1-error\" required><\/div><div id=\"wpforms-897-field_2-container\" class=\"wpforms-field wpforms-field-layout\" data-field-id=\"2\"><label class=\"wpforms-field-label wpforms-label-hide\" for=\"wpforms-897-field_2\" aria-hidden=\"false\">Layout<\/label><div class=\"wpforms-field-layout-columns wpforms-field-layout-preset-50-50\"><div class=\"wpforms-layout-column wpforms-layout-column-50\"><div id=\"wpforms-897-field_3-container\" class=\"wpforms-field wpforms-field-text input-text-custom\" data-field-id=\"3\"><label class=\"wpforms-field-label\" for=\"wpforms-897-field_3\">Nombre <span class=\"wpforms-required-label\" aria-hidden=\"true\">*<\/span><\/label><input type=\"text\" id=\"wpforms-897-field_3\" class=\"wpforms-field-medium wpforms-field-required\" name=\"wpforms[fields][3]\" aria-errormessage=\"wpforms-897-field_3-error\" required><\/div><\/div><div class=\"wpforms-layout-column wpforms-layout-column-50\"><div id=\"wpforms-897-field_4-container\" class=\"wpforms-field wpforms-field-text input-text-custom\" data-field-id=\"4\"><label class=\"wpforms-field-label\" for=\"wpforms-897-field_4\">Apellido <span class=\"wpforms-required-label\" aria-hidden=\"true\">*<\/span><\/label><input type=\"text\" id=\"wpforms-897-field_4\" class=\"wpforms-field-medium wpforms-field-required\" name=\"wpforms[fields][4]\" aria-errormessage=\"wpforms-897-field_4-error\" required><\/div><\/div><\/div><\/div><div id=\"wpforms-897-field_5-container\" class=\"wpforms-field wpforms-field-text input-text-custom\" data-field-id=\"5\"><label class=\"wpforms-field-label\" for=\"wpforms-897-field_5\">Direcci\u00f3n <span class=\"wpforms-required-label\" aria-hidden=\"true\">*<\/span><\/label><input type=\"text\" id=\"wpforms-897-field_5\" class=\"wpforms-field-large wpforms-field-required\" name=\"wpforms[fields][5]\" aria-errormessage=\"wpforms-897-field_5-error\" required><\/div><div id=\"wpforms-897-field_6-container\" class=\"wpforms-field wpforms-field-layout\" data-field-id=\"6\"><label class=\"wpforms-field-label wpforms-label-hide\" for=\"wpforms-897-field_6\" aria-hidden=\"false\">Layout<\/label><div class=\"wpforms-field-layout-columns wpforms-field-layout-preset-50-50\"><div class=\"wpforms-layout-column wpforms-layout-column-50\"><div id=\"wpforms-897-field_7-container\" class=\"wpforms-field wpforms-field-text input-text-custom\" data-field-id=\"7\"><label class=\"wpforms-field-label\" for=\"wpforms-897-field_7\">Email <span class=\"wpforms-required-label\" aria-hidden=\"true\">*<\/span><\/label><input type=\"text\" id=\"wpforms-897-field_7\" class=\"wpforms-field-medium wpforms-field-required\" name=\"wpforms[fields][7]\" aria-errormessage=\"wpforms-897-field_7-error\" required><\/div><\/div><div class=\"wpforms-layout-column wpforms-layout-column-50\"><div id=\"wpforms-897-field_9-container\" class=\"wpforms-field wpforms-field-phone input-text-custom\" data-field-id=\"9\"><label class=\"wpforms-field-label\" for=\"wpforms-897-field_9\">Tel\u00e9fono <span class=\"wpforms-required-label\" aria-hidden=\"true\">*<\/span><\/label><input type=\"tel\" id=\"wpforms-897-field_9\" class=\"wpforms-field-medium wpforms-field-required wpforms-smart-phone-field\" data-rule-smart-phone-field=\"true\" name=\"wpforms[fields][9]\" aria-errormessage=\"wpforms-897-field_9-error\" required><\/div><\/div><\/div><\/div><div id=\"wpforms-897-field_10-container\" class=\"wpforms-field wpforms-field-textarea input-text-custom\" data-field-id=\"10\"><label class=\"wpforms-field-label\" for=\"wpforms-897-field_10\">Mensaje <span class=\"wpforms-required-label\" aria-hidden=\"true\">*<\/span><\/label><textarea id=\"wpforms-897-field_10\" class=\"wpforms-field-medium wpforms-field-required\" name=\"wpforms[fields][10]\" aria-errormessage=\"wpforms-897-field_10-error\" required><\/textarea><\/div><div id=\"wpforms-897-field_11-container\" class=\"wpforms-field wpforms-field-checkbox\" data-field-id=\"11\"><fieldset><legend class=\"wpforms-field-label wpforms-label-hide\" aria-hidden=\"false\">Privacy policy <span class=\"wpforms-required-label\" aria-hidden=\"true\">*<\/span><\/legend><ul id=\"wpforms-897-field_11\" class=\"wpforms-field-required\"><li class=\"choice-1 depth-1\"><input type=\"checkbox\" id=\"wpforms-897-field_11_1\" name=\"wpforms[fields][11][]\" value=\"He le\u00eddo la &lt;a target=&quot;_blank&quot; href=&quot;https:\/\/www.prodecopharma.com\/es\/politica-de-privacidad&quot;&gt;pol\u00edtica de privacidad&lt;\/a&gt;\" aria-errormessage=\"wpforms-897-field_11_1-error\" required ><label class=\"wpforms-field-label-inline\" for=\"wpforms-897-field_11_1\">He le\u00eddo la <a target=\"_blank\" href=\"https:\/\/www.prodecopharma.com\/es\/politica-de-privacidad\">pol\u00edtica de privacidad<\/a><\/label><\/li><\/ul><\/fieldset><\/div><\/div><!-- .wpforms-field-container --><div class=\"wpforms-submit-container\" ><input type=\"hidden\" name=\"wpforms[id]\" value=\"897\"><input type=\"hidden\" name=\"wpforms[author]\" value=\"1\"><input type=\"hidden\" class=\"wpforms-token\" name=\"wpforms[token]\" value=\"46c93fb9b74417f489987910915ee511\" \/><button type=\"submit\" name=\"wpforms[submit]\" id=\"wpforms-submit-897\" class=\"wpforms-submit\" aria-live=\"assertive\" value=\"wpforms-submit\">Enviar<\/button><img decoding=\"async\" src=\"https:\/\/puntoetico.com\/es\/wp-content\/plugins\/wpforms\/assets\/images\/submit-spin.svg\" class=\"wpforms-submit-spinner\" style=\"display: none;\" width=\"26\" height=\"26\" alt=\"Cargando\"><\/div><\/form><\/div>  <!-- .wpforms-container --><\/div>\n\t\t\t\t\t\t<\/div>\n\t\t\t\t<\/div>\n\t\t\t\t<\/div>\n\t\t\t\t<\/div>\n\t\t\t\t<\/div>\n\t\t","protected":false},"excerpt":{"rendered":"<p>Convertirse en un punto \u00e9tico Unirse a nosotros en este estimulante camino, significa un compromiso mutuo hac\u00eda la creaci\u00f3n de un proyecto de alto valor social y el bienestar duradero. Formar parte va m\u00e1s all\u00e1 de la simple afiliaci\u00f3n; significa entrar en una comunidad dedicada a la promoci\u00f3n de la salud, la innovaci\u00f3n y la [&hellip;]<\/p>\n","protected":false},"author":1,"featured_media":37,"parent":0,"menu_order":0,"comment_status":"closed","ping_status":"closed","template":"","meta":{"_acf_changed":false,"footnotes":""},"class_list":["post-27","page","type-page","status-publish","has-post-thumbnail","hentry"],"acf":[],"yoast_head":"<!-- This site is optimized with the Yoast SEO plugin v27.5 - https:\/\/yoast.com\/product\/yoast-seo-wordpress\/ -->\n<title>Hazte Punto \u00c9tico - Punto \u00c9tico Espa\u00f1a<\/title>\n<meta name=\"robots\" content=\"index, follow, max-snippet:-1, max-image-preview:large, max-video-preview:-1\" \/>\n<link rel=\"canonical\" href=\"https:\/\/puntoetico.com\/es\/hazte-punto-etico\/\" \/>\n<meta property=\"og:locale\" content=\"es_ES\" \/>\n<meta property=\"og:type\" content=\"article\" \/>\n<meta property=\"og:title\" content=\"Hazte Punto \u00c9tico - Punto \u00c9tico Espa\u00f1a\" \/>\n<meta property=\"og:description\" content=\"Convertirse en un punto \u00e9tico Unirse a nosotros en este estimulante camino, significa un compromiso mutuo hac\u00eda la creaci\u00f3n de un proyecto de alto valor social y el bienestar duradero. Formar parte va m\u00e1s all\u00e1 de la simple afiliaci\u00f3n; significa entrar en una comunidad dedicada a la promoci\u00f3n de la salud, la innovaci\u00f3n y la [&hellip;]\" \/>\n<meta property=\"og:url\" content=\"https:\/\/puntoetico.com\/es\/hazte-punto-etico\/\" \/>\n<meta property=\"og:site_name\" content=\"Punto \u00c9tico Espa\u00f1a\" \/>\n<meta property=\"article:modified_time\" content=\"2024-02-22T13:15:03+00:00\" \/>\n<meta property=\"og:image\" content=\"https:\/\/puntoetico.com\/es\/wp-content\/uploads\/sites\/4\/2024\/02\/img-homepage-3.webp\" \/>\n\t<meta property=\"og:image:width\" content=\"960\" \/>\n\t<meta property=\"og:image:height\" content=\"691\" \/>\n\t<meta property=\"og:image:type\" content=\"image\/webp\" \/>\n<meta name=\"twitter:card\" content=\"summary_large_image\" \/>\n<meta name=\"twitter:label1\" content=\"Tiempo de lectura\" \/>\n\t<meta name=\"twitter:data1\" content=\"1 minuto\" \/>\n<script type=\"application\/ld+json\" class=\"yoast-schema-graph\">{\"@context\":\"https:\\\/\\\/schema.org\",\"@graph\":[{\"@type\":\"WebPage\",\"@id\":\"https:\\\/\\\/puntoetico.com\\\/es\\\/hazte-punto-etico\\\/\",\"url\":\"https:\\\/\\\/puntoetico.com\\\/es\\\/hazte-punto-etico\\\/\",\"name\":\"Hazte Punto \u00c9tico - Punto \u00c9tico Espa\u00f1a\",\"isPartOf\":{\"@id\":\"https:\\\/\\\/puntoetico.com\\\/es\\\/#website\"},\"primaryImageOfPage\":{\"@id\":\"https:\\\/\\\/puntoetico.com\\\/es\\\/hazte-punto-etico\\\/#primaryimage\"},\"image\":{\"@id\":\"https:\\\/\\\/puntoetico.com\\\/es\\\/hazte-punto-etico\\\/#primaryimage\"},\"thumbnailUrl\":\"https:\\\/\\\/puntoetico.com\\\/es\\\/wp-content\\\/uploads\\\/sites\\\/4\\\/2024\\\/02\\\/img-homepage-3.webp\",\"datePublished\":\"2024-02-13T09:47:37+00:00\",\"dateModified\":\"2024-02-22T13:15:03+00:00\",\"breadcrumb\":{\"@id\":\"https:\\\/\\\/puntoetico.com\\\/es\\\/hazte-punto-etico\\\/#breadcrumb\"},\"inLanguage\":\"es\",\"potentialAction\":[{\"@type\":\"ReadAction\",\"target\":[\"https:\\\/\\\/puntoetico.com\\\/es\\\/hazte-punto-etico\\\/\"]}]},{\"@type\":\"ImageObject\",\"inLanguage\":\"es\",\"@id\":\"https:\\\/\\\/puntoetico.com\\\/es\\\/hazte-punto-etico\\\/#primaryimage\",\"url\":\"https:\\\/\\\/puntoetico.com\\\/es\\\/wp-content\\\/uploads\\\/sites\\\/4\\\/2024\\\/02\\\/img-homepage-3.webp\",\"contentUrl\":\"https:\\\/\\\/puntoetico.com\\\/es\\\/wp-content\\\/uploads\\\/sites\\\/4\\\/2024\\\/02\\\/img-homepage-3.webp\",\"width\":960,\"height\":691},{\"@type\":\"BreadcrumbList\",\"@id\":\"https:\\\/\\\/puntoetico.com\\\/es\\\/hazte-punto-etico\\\/#breadcrumb\",\"itemListElement\":[{\"@type\":\"ListItem\",\"position\":1,\"name\":\"Home\",\"item\":\"https:\\\/\\\/puntoetico.com\\\/es\\\/\"},{\"@type\":\"ListItem\",\"position\":2,\"name\":\"Hazte Punto \u00c9tico\"}]},{\"@type\":\"WebSite\",\"@id\":\"https:\\\/\\\/puntoetico.com\\\/es\\\/#website\",\"url\":\"https:\\\/\\\/puntoetico.com\\\/es\\\/\",\"name\":\"Punto \u00c9tico Espa\u00f1a\",\"description\":\"\",\"publisher\":{\"@id\":\"https:\\\/\\\/puntoetico.com\\\/es\\\/#organization\"},\"potentialAction\":[{\"@type\":\"SearchAction\",\"target\":{\"@type\":\"EntryPoint\",\"urlTemplate\":\"https:\\\/\\\/puntoetico.com\\\/es\\\/?s={search_term_string}\"},\"query-input\":{\"@type\":\"PropertyValueSpecification\",\"valueRequired\":true,\"valueName\":\"search_term_string\"}}],\"inLanguage\":\"es\"},{\"@type\":\"Organization\",\"@id\":\"https:\\\/\\\/puntoetico.com\\\/es\\\/#organization\",\"name\":\"Punto \u00c9tico Espa\u00f1a\",\"url\":\"https:\\\/\\\/puntoetico.com\\\/es\\\/\",\"logo\":{\"@type\":\"ImageObject\",\"inLanguage\":\"es\",\"@id\":\"https:\\\/\\\/puntoetico.com\\\/es\\\/#\\\/schema\\\/logo\\\/image\\\/\",\"url\":\"https:\\\/\\\/puntoetico.com\\\/es\\\/wp-content\\\/uploads\\\/sites\\\/4\\\/2024\\\/02\\\/logo-1.webp\",\"contentUrl\":\"https:\\\/\\\/puntoetico.com\\\/es\\\/wp-content\\\/uploads\\\/sites\\\/4\\\/2024\\\/02\\\/logo-1.webp\",\"width\":400,\"height\":140,\"caption\":\"Punto \u00c9tico Espa\u00f1a\"},\"image\":{\"@id\":\"https:\\\/\\\/puntoetico.com\\\/es\\\/#\\\/schema\\\/logo\\\/image\\\/\"}}]}<\/script>\n<!-- \/ Yoast SEO plugin. -->","yoast_head_json":{"title":"Hazte Punto \u00c9tico - Punto \u00c9tico Espa\u00f1a","robots":{"index":"index","follow":"follow","max-snippet":"max-snippet:-1","max-image-preview":"max-image-preview:large","max-video-preview":"max-video-preview:-1"},"canonical":"https:\/\/puntoetico.com\/es\/hazte-punto-etico\/","og_locale":"es_ES","og_type":"article","og_title":"Hazte Punto \u00c9tico - Punto \u00c9tico Espa\u00f1a","og_description":"Convertirse en un punto \u00e9tico Unirse a nosotros en este estimulante camino, significa un compromiso mutuo hac\u00eda la creaci\u00f3n de un proyecto de alto valor social y el bienestar duradero. Formar parte va m\u00e1s all\u00e1 de la simple afiliaci\u00f3n; significa entrar en una comunidad dedicada a la promoci\u00f3n de la salud, la innovaci\u00f3n y la [&hellip;]","og_url":"https:\/\/puntoetico.com\/es\/hazte-punto-etico\/","og_site_name":"Punto \u00c9tico Espa\u00f1a","article_modified_time":"2024-02-22T13:15:03+00:00","og_image":[{"width":960,"height":691,"url":"https:\/\/puntoetico.com\/es\/wp-content\/uploads\/sites\/4\/2024\/02\/img-homepage-3.webp","type":"image\/webp"}],"twitter_card":"summary_large_image","twitter_misc":{"Tiempo de lectura":"1 minuto"},"schema":{"@context":"https:\/\/schema.org","@graph":[{"@type":"WebPage","@id":"https:\/\/puntoetico.com\/es\/hazte-punto-etico\/","url":"https:\/\/puntoetico.com\/es\/hazte-punto-etico\/","name":"Hazte Punto \u00c9tico - Punto \u00c9tico Espa\u00f1a","isPartOf":{"@id":"https:\/\/puntoetico.com\/es\/#website"},"primaryImageOfPage":{"@id":"https:\/\/puntoetico.com\/es\/hazte-punto-etico\/#primaryimage"},"image":{"@id":"https:\/\/puntoetico.com\/es\/hazte-punto-etico\/#primaryimage"},"thumbnailUrl":"https:\/\/puntoetico.com\/es\/wp-content\/uploads\/sites\/4\/2024\/02\/img-homepage-3.webp","datePublished":"2024-02-13T09:47:37+00:00","dateModified":"2024-02-22T13:15:03+00:00","breadcrumb":{"@id":"https:\/\/puntoetico.com\/es\/hazte-punto-etico\/#breadcrumb"},"inLanguage":"es","potentialAction":[{"@type":"ReadAction","target":["https:\/\/puntoetico.com\/es\/hazte-punto-etico\/"]}]},{"@type":"ImageObject","inLanguage":"es","@id":"https:\/\/puntoetico.com\/es\/hazte-punto-etico\/#primaryimage","url":"https:\/\/puntoetico.com\/es\/wp-content\/uploads\/sites\/4\/2024\/02\/img-homepage-3.webp","contentUrl":"https:\/\/puntoetico.com\/es\/wp-content\/uploads\/sites\/4\/2024\/02\/img-homepage-3.webp","width":960,"height":691},{"@type":"BreadcrumbList","@id":"https:\/\/puntoetico.com\/es\/hazte-punto-etico\/#breadcrumb","itemListElement":[{"@type":"ListItem","position":1,"name":"Home","item":"https:\/\/puntoetico.com\/es\/"},{"@type":"ListItem","position":2,"name":"Hazte Punto \u00c9tico"}]},{"@type":"WebSite","@id":"https:\/\/puntoetico.com\/es\/#website","url":"https:\/\/puntoetico.com\/es\/","name":"Punto \u00c9tico Espa\u00f1a","description":"","publisher":{"@id":"https:\/\/puntoetico.com\/es\/#organization"},"potentialAction":[{"@type":"SearchAction","target":{"@type":"EntryPoint","urlTemplate":"https:\/\/puntoetico.com\/es\/?s={search_term_string}"},"query-input":{"@type":"PropertyValueSpecification","valueRequired":true,"valueName":"search_term_string"}}],"inLanguage":"es"},{"@type":"Organization","@id":"https:\/\/puntoetico.com\/es\/#organization","name":"Punto \u00c9tico Espa\u00f1a","url":"https:\/\/puntoetico.com\/es\/","logo":{"@type":"ImageObject","inLanguage":"es","@id":"https:\/\/puntoetico.com\/es\/#\/schema\/logo\/image\/","url":"https:\/\/puntoetico.com\/es\/wp-content\/uploads\/sites\/4\/2024\/02\/logo-1.webp","contentUrl":"https:\/\/puntoetico.com\/es\/wp-content\/uploads\/sites\/4\/2024\/02\/logo-1.webp","width":400,"height":140,"caption":"Punto \u00c9tico Espa\u00f1a"},"image":{"@id":"https:\/\/puntoetico.com\/es\/#\/schema\/logo\/image\/"}}]}},"_links":{"self":[{"href":"https:\/\/puntoetico.com\/es\/wp-json\/wp\/v2\/pages\/27","targetHints":{"allow":["GET"]}}],"collection":[{"href":"https:\/\/puntoetico.com\/es\/wp-json\/wp\/v2\/pages"}],"about":[{"href":"https:\/\/puntoetico.com\/es\/wp-json\/wp\/v2\/types\/page"}],"author":[{"embeddable":true,"href":"https:\/\/puntoetico.com\/es\/wp-json\/wp\/v2\/users\/1"}],"replies":[{"embeddable":true,"href":"https:\/\/puntoetico.com\/es\/wp-json\/wp\/v2\/comments?post=27"}],"version-history":[{"count":0,"href":"https:\/\/puntoetico.com\/es\/wp-json\/wp\/v2\/pages\/27\/revisions"}],"wp:featuredmedia":[{"embeddable":true,"href":"https:\/\/puntoetico.com\/es\/wp-json\/wp\/v2\/media\/37"}],"wp:attachment":[{"href":"https:\/\/puntoetico.com\/es\/wp-json\/wp\/v2\/media?parent=27"}],"curies":[{"name":"wp","href":"https:\/\/api.w.org\/{rel}","templated":true}]}}