{"id":23,"date":"2024-02-13T10:47:36","date_gmt":"2024-02-13T09:47:36","guid":{"rendered":"https:\/\/puntoetico.com\/es\/password-reset\/"},"modified":"2024-02-23T12:09:19","modified_gmt":"2024-02-23T11:09:19","slug":"restablecer-contrasena","status":"publish","type":"page","link":"https:\/\/puntoetico.com\/es\/restablecer-contrasena\/","title":{"rendered":"Restablecer contrase\u00f1a"},"content":{"rendered":"\t\t<div data-elementor-type=\"wp-page\" data-elementor-id=\"23\" class=\"elementor elementor-23\" data-elementor-post-type=\"page\">\n\t\t\t\t<div class=\"elementor-element elementor-element-2a912897 e-con-full e-flex e-con e-parent\" data-id=\"2a912897\" data-element_type=\"container\" data-e-type=\"container\" data-settings=\"{&quot;background_background&quot;:&quot;gradient&quot;}\">\n\t\t\t\t<div class=\"elementor-element elementor-element-1299bb13 elementor-widget elementor-widget-heading\" data-id=\"1299bb13\" data-element_type=\"widget\" data-e-type=\"widget\" data-widget_type=\"heading.default\">\n\t\t\t\t<div class=\"elementor-widget-container\">\n\t\t\t\t\t<h1 class=\"elementor-heading-title elementor-size-default\">Restablecer contrase\u00f1a<\/h1>\t\t\t\t<\/div>\n\t\t\t\t<\/div>\n\t\t<div class=\"elementor-element elementor-element-4aa4825b e-con-full e-flex e-con e-child\" data-id=\"4aa4825b\" data-element_type=\"container\" data-e-type=\"container\" data-settings=\"{&quot;background_background&quot;:&quot;classic&quot;}\">\n\t\t<div class=\"elementor-element elementor-element-37c25b1c e-con-full e-flex e-con e-child\" data-id=\"37c25b1c\" data-element_type=\"container\" data-e-type=\"container\">\n\t\t\t\t<div class=\"elementor-element elementor-element-1b1fe81 elementor-widget elementor-widget-shortcode\" data-id=\"1b1fe81\" data-element_type=\"widget\" data-e-type=\"widget\" data-widget_type=\"shortcode.default\">\n\t\t\t\t<div class=\"elementor-widget-container\">\n\t\t\t\t\t\t\t<div class=\"elementor-shortcode\"><div class=\"wpforms-container wpforms-container-full wpforms-render-modern\" id=\"wpforms-17\"><form id=\"wpforms-form-17\" class=\"wpforms-validate wpforms-form\" data-formid=\"17\" method=\"post\" enctype=\"multipart\/form-data\" action=\"\/es\/wp-json\/wp\/v2\/pages\/23\"><noscript class=\"wpforms-error-noscript\">Por favor, activa JavaScript en tu navegador para completar este formulario.<\/noscript><div class=\"wpforms-hidden\" id=\"wpforms-error-noscript\">Por favor, activa JavaScript en tu navegador para completar este formulario.<\/div><div class=\"wpforms-field-container\"><div id=\"wpforms-17-field_0-container\" class=\"wpforms-field wpforms-field-text input-text-custom\" data-field-id=\"0\"><label class=\"wpforms-field-label\" for=\"wpforms-17-field_0\">Email <span class=\"wpforms-required-label\" aria-hidden=\"true\">*<\/span><\/label><input type=\"text\" id=\"wpforms-17-field_0\" class=\"wpforms-field-large wpforms-field-required\" name=\"wpforms[fields][0]\" aria-errormessage=\"wpforms-17-field_0-error\" required><\/div><\/div><!-- .wpforms-field-container --><div class=\"wpforms-submit-container\" ><input type=\"hidden\" name=\"wpforms[id]\" value=\"17\"><input type=\"hidden\" name=\"wpforms[author]\" value=\"1\"><input type=\"hidden\" class=\"wpforms-token\" name=\"wpforms[token]\" value=\"79d673bad079f1bf7326ac4f8416e5c8\" \/><button type=\"submit\" name=\"wpforms[submit]\" id=\"wpforms-submit-17\" class=\"wpforms-submit\" aria-live=\"assertive\" value=\"wpforms-submit\">Env\u00eda<\/button><\/div><\/form><\/div>  <!-- .wpforms-container -->\t<\/div>\n\t\t\t\t\t\t<\/div>\n\t\t\t\t<\/div>\n\t\t\t\t<\/div>\n\t\t\t\t<\/div>\n\t\t\t\t<\/div>\n\t\t\t\t<\/div>\n\t\t","protected":false},"excerpt":{"rendered":"<p>Restablecer contrase\u00f1a<\/p>\n","protected":false},"author":1,"featured_media":26,"parent":0,"menu_order":0,"comment_status":"closed","ping_status":"closed","template":"","meta":{"_acf_changed":false,"footnotes":""},"class_list":["post-23","page","type-page","status-publish","has-post-thumbnail","hentry"],"acf":[],"yoast_head":"<!-- This site is optimized with the Yoast SEO plugin v27.6 - https:\/\/yoast.com\/product\/yoast-seo-wordpress\/ -->\n<title>Restablecer contrase\u00f1a - Punto \u00c9tico Espa\u00f1a<\/title>\n<meta name=\"robots\" content=\"index, follow, max-snippet:-1, max-image-preview:large, max-video-preview:-1\" \/>\n<link rel=\"canonical\" href=\"https:\/\/puntoetico.com\/es\/restablecer-contrasena\/\" \/>\n<meta property=\"og:locale\" content=\"es_ES\" \/>\n<meta property=\"og:type\" content=\"article\" \/>\n<meta property=\"og:title\" content=\"Restablecer contrase\u00f1a - Punto \u00c9tico Espa\u00f1a\" \/>\n<meta property=\"og:description\" content=\"Restablecer contrase\u00f1a\" \/>\n<meta property=\"og:url\" content=\"https:\/\/puntoetico.com\/es\/restablecer-contrasena\/\" \/>\n<meta property=\"og:site_name\" content=\"Punto \u00c9tico Espa\u00f1a\" \/>\n<meta property=\"article:modified_time\" content=\"2024-02-23T11:09:19+00:00\" \/>\n<meta property=\"og:image\" content=\"https:\/\/puntoetico.com\/es\/wp-content\/uploads\/sites\/4\/2024\/02\/img-servizi-1.webp\" \/>\n\t<meta property=\"og:image:width\" content=\"960\" \/>\n\t<meta property=\"og:image:height\" content=\"974\" \/>\n\t<meta property=\"og:image:type\" content=\"image\/webp\" \/>\n<meta name=\"twitter:card\" content=\"summary_large_image\" \/>\n<meta name=\"twitter:label1\" content=\"Tiempo de lectura\" \/>\n\t<meta name=\"twitter:data1\" content=\"1 minuto\" \/>\n<script type=\"application\/ld+json\" class=\"yoast-schema-graph\">{\"@context\":\"https:\\\/\\\/schema.org\",\"@graph\":[{\"@type\":\"WebPage\",\"@id\":\"https:\\\/\\\/puntoetico.com\\\/es\\\/restablecer-contrasena\\\/\",\"url\":\"https:\\\/\\\/puntoetico.com\\\/es\\\/restablecer-contrasena\\\/\",\"name\":\"Restablecer contrase\u00f1a - Punto \u00c9tico Espa\u00f1a\",\"isPartOf\":{\"@id\":\"https:\\\/\\\/puntoetico.com\\\/es\\\/#website\"},\"primaryImageOfPage\":{\"@id\":\"https:\\\/\\\/puntoetico.com\\\/es\\\/restablecer-contrasena\\\/#primaryimage\"},\"image\":{\"@id\":\"https:\\\/\\\/puntoetico.com\\\/es\\\/restablecer-contrasena\\\/#primaryimage\"},\"thumbnailUrl\":\"https:\\\/\\\/puntoetico.com\\\/es\\\/wp-content\\\/uploads\\\/sites\\\/4\\\/2024\\\/02\\\/img-servizi-1.webp\",\"datePublished\":\"2024-02-13T09:47:36+00:00\",\"dateModified\":\"2024-02-23T11:09:19+00:00\",\"breadcrumb\":{\"@id\":\"https:\\\/\\\/puntoetico.com\\\/es\\\/restablecer-contrasena\\\/#breadcrumb\"},\"inLanguage\":\"es\",\"potentialAction\":[{\"@type\":\"ReadAction\",\"target\":[\"https:\\\/\\\/puntoetico.com\\\/es\\\/restablecer-contrasena\\\/\"]}]},{\"@type\":\"ImageObject\",\"inLanguage\":\"es\",\"@id\":\"https:\\\/\\\/puntoetico.com\\\/es\\\/restablecer-contrasena\\\/#primaryimage\",\"url\":\"https:\\\/\\\/puntoetico.com\\\/es\\\/wp-content\\\/uploads\\\/sites\\\/4\\\/2024\\\/02\\\/img-servizi-1.webp\",\"contentUrl\":\"https:\\\/\\\/puntoetico.com\\\/es\\\/wp-content\\\/uploads\\\/sites\\\/4\\\/2024\\\/02\\\/img-servizi-1.webp\",\"width\":960,\"height\":974},{\"@type\":\"BreadcrumbList\",\"@id\":\"https:\\\/\\\/puntoetico.com\\\/es\\\/restablecer-contrasena\\\/#breadcrumb\",\"itemListElement\":[{\"@type\":\"ListItem\",\"position\":1,\"name\":\"Home\",\"item\":\"https:\\\/\\\/puntoetico.com\\\/es\\\/\"},{\"@type\":\"ListItem\",\"position\":2,\"name\":\"Restablecer contrase\u00f1a\"}]},{\"@type\":\"WebSite\",\"@id\":\"https:\\\/\\\/puntoetico.com\\\/es\\\/#website\",\"url\":\"https:\\\/\\\/puntoetico.com\\\/es\\\/\",\"name\":\"Punto \u00c9tico Espa\u00f1a\",\"description\":\"\",\"publisher\":{\"@id\":\"https:\\\/\\\/puntoetico.com\\\/es\\\/#organization\"},\"potentialAction\":[{\"@type\":\"SearchAction\",\"target\":{\"@type\":\"EntryPoint\",\"urlTemplate\":\"https:\\\/\\\/puntoetico.com\\\/es\\\/?s={search_term_string}\"},\"query-input\":{\"@type\":\"PropertyValueSpecification\",\"valueRequired\":true,\"valueName\":\"search_term_string\"}}],\"inLanguage\":\"es\"},{\"@type\":\"Organization\",\"@id\":\"https:\\\/\\\/puntoetico.com\\\/es\\\/#organization\",\"name\":\"Punto \u00c9tico Espa\u00f1a\",\"url\":\"https:\\\/\\\/puntoetico.com\\\/es\\\/\",\"logo\":{\"@type\":\"ImageObject\",\"inLanguage\":\"es\",\"@id\":\"https:\\\/\\\/puntoetico.com\\\/es\\\/#\\\/schema\\\/logo\\\/image\\\/\",\"url\":\"https:\\\/\\\/puntoetico.com\\\/es\\\/wp-content\\\/uploads\\\/sites\\\/4\\\/2024\\\/02\\\/logo-1.webp\",\"contentUrl\":\"https:\\\/\\\/puntoetico.com\\\/es\\\/wp-content\\\/uploads\\\/sites\\\/4\\\/2024\\\/02\\\/logo-1.webp\",\"width\":400,\"height\":140,\"caption\":\"Punto \u00c9tico Espa\u00f1a\"},\"image\":{\"@id\":\"https:\\\/\\\/puntoetico.com\\\/es\\\/#\\\/schema\\\/logo\\\/image\\\/\"}}]}<\/script>\n<!-- \/ Yoast SEO plugin. -->","yoast_head_json":{"title":"Restablecer contrase\u00f1a - Punto \u00c9tico Espa\u00f1a","robots":{"index":"index","follow":"follow","max-snippet":"max-snippet:-1","max-image-preview":"max-image-preview:large","max-video-preview":"max-video-preview:-1"},"canonical":"https:\/\/puntoetico.com\/es\/restablecer-contrasena\/","og_locale":"es_ES","og_type":"article","og_title":"Restablecer contrase\u00f1a - Punto \u00c9tico Espa\u00f1a","og_description":"Restablecer contrase\u00f1a","og_url":"https:\/\/puntoetico.com\/es\/restablecer-contrasena\/","og_site_name":"Punto \u00c9tico Espa\u00f1a","article_modified_time":"2024-02-23T11:09:19+00:00","og_image":[{"width":960,"height":974,"url":"https:\/\/puntoetico.com\/es\/wp-content\/uploads\/sites\/4\/2024\/02\/img-servizi-1.webp","type":"image\/webp"}],"twitter_card":"summary_large_image","twitter_misc":{"Tiempo de lectura":"1 minuto"},"schema":{"@context":"https:\/\/schema.org","@graph":[{"@type":"WebPage","@id":"https:\/\/puntoetico.com\/es\/restablecer-contrasena\/","url":"https:\/\/puntoetico.com\/es\/restablecer-contrasena\/","name":"Restablecer contrase\u00f1a - Punto \u00c9tico Espa\u00f1a","isPartOf":{"@id":"https:\/\/puntoetico.com\/es\/#website"},"primaryImageOfPage":{"@id":"https:\/\/puntoetico.com\/es\/restablecer-contrasena\/#primaryimage"},"image":{"@id":"https:\/\/puntoetico.com\/es\/restablecer-contrasena\/#primaryimage"},"thumbnailUrl":"https:\/\/puntoetico.com\/es\/wp-content\/uploads\/sites\/4\/2024\/02\/img-servizi-1.webp","datePublished":"2024-02-13T09:47:36+00:00","dateModified":"2024-02-23T11:09:19+00:00","breadcrumb":{"@id":"https:\/\/puntoetico.com\/es\/restablecer-contrasena\/#breadcrumb"},"inLanguage":"es","potentialAction":[{"@type":"ReadAction","target":["https:\/\/puntoetico.com\/es\/restablecer-contrasena\/"]}]},{"@type":"ImageObject","inLanguage":"es","@id":"https:\/\/puntoetico.com\/es\/restablecer-contrasena\/#primaryimage","url":"https:\/\/puntoetico.com\/es\/wp-content\/uploads\/sites\/4\/2024\/02\/img-servizi-1.webp","contentUrl":"https:\/\/puntoetico.com\/es\/wp-content\/uploads\/sites\/4\/2024\/02\/img-servizi-1.webp","width":960,"height":974},{"@type":"BreadcrumbList","@id":"https:\/\/puntoetico.com\/es\/restablecer-contrasena\/#breadcrumb","itemListElement":[{"@type":"ListItem","position":1,"name":"Home","item":"https:\/\/puntoetico.com\/es\/"},{"@type":"ListItem","position":2,"name":"Restablecer contrase\u00f1a"}]},{"@type":"WebSite","@id":"https:\/\/puntoetico.com\/es\/#website","url":"https:\/\/puntoetico.com\/es\/","name":"Punto \u00c9tico Espa\u00f1a","description":"","publisher":{"@id":"https:\/\/puntoetico.com\/es\/#organization"},"potentialAction":[{"@type":"SearchAction","target":{"@type":"EntryPoint","urlTemplate":"https:\/\/puntoetico.com\/es\/?s={search_term_string}"},"query-input":{"@type":"PropertyValueSpecification","valueRequired":true,"valueName":"search_term_string"}}],"inLanguage":"es"},{"@type":"Organization","@id":"https:\/\/puntoetico.com\/es\/#organization","name":"Punto \u00c9tico Espa\u00f1a","url":"https:\/\/puntoetico.com\/es\/","logo":{"@type":"ImageObject","inLanguage":"es","@id":"https:\/\/puntoetico.com\/es\/#\/schema\/logo\/image\/","url":"https:\/\/puntoetico.com\/es\/wp-content\/uploads\/sites\/4\/2024\/02\/logo-1.webp","contentUrl":"https:\/\/puntoetico.com\/es\/wp-content\/uploads\/sites\/4\/2024\/02\/logo-1.webp","width":400,"height":140,"caption":"Punto \u00c9tico Espa\u00f1a"},"image":{"@id":"https:\/\/puntoetico.com\/es\/#\/schema\/logo\/image\/"}}]}},"_links":{"self":[{"href":"https:\/\/puntoetico.com\/es\/wp-json\/wp\/v2\/pages\/23","targetHints":{"allow":["GET"]}}],"collection":[{"href":"https:\/\/puntoetico.com\/es\/wp-json\/wp\/v2\/pages"}],"about":[{"href":"https:\/\/puntoetico.com\/es\/wp-json\/wp\/v2\/types\/page"}],"author":[{"embeddable":true,"href":"https:\/\/puntoetico.com\/es\/wp-json\/wp\/v2\/users\/1"}],"replies":[{"embeddable":true,"href":"https:\/\/puntoetico.com\/es\/wp-json\/wp\/v2\/comments?post=23"}],"version-history":[{"count":0,"href":"https:\/\/puntoetico.com\/es\/wp-json\/wp\/v2\/pages\/23\/revisions"}],"wp:featuredmedia":[{"embeddable":true,"href":"https:\/\/puntoetico.com\/es\/wp-json\/wp\/v2\/media\/26"}],"wp:attachment":[{"href":"https:\/\/puntoetico.com\/es\/wp-json\/wp\/v2\/media?parent=23"}],"curies":[{"name":"wp","href":"https:\/\/api.w.org\/{rel}","templated":true}]}}